{"id":67,"date":"2014-03-06T15:33:24","date_gmt":"2014-03-06T14:33:24","guid":{"rendered":"http:\/\/feretmatieres.fr\/fer-forge\/?page_id=67"},"modified":"2014-03-06T15:36:00","modified_gmt":"2014-03-06T14:36:00","slug":"mentions-legales-et-credits","status":"publish","type":"page","link":"https:\/\/feretmatieres.fr\/fer-forge\/fr\/mentions-legales-et-credits\/","title":{"rendered":"mentions l\u00e9gales et cr\u00e9dits"},"content":{"rendered":"<p>Responsable de publication Eric Litschky<br \/>\nsiret 530 618 115 000 14<\/p>\n<p>H\u00e9bergement du site <a href=\"http:\/\/ovh.com\" target=\"_blank\">OVH<\/a><\/p>\n<p>Generator <a href=\"http:\/\/wordpress.org\" target=\"_blank\">WordPress<\/a><\/p>\n<p>D\u00e9veloppement et maintenance <a href=\"http:\/\/cybernetique.info\" target=\"_blank\">cybernetique.info<\/a><\/p>\n","protected":false},"excerpt":{"rendered":"<p>Responsable de publication Eric Litschky siret 530 618 115 000 14 H\u00e9bergement du site OVH Generator WordPress D\u00e9veloppement et maintenance cybernetique.info<\/p>\n","protected":false},"author":1,"featured_media":0,"parent":0,"menu_order":0,"comment_status":"closed","ping_status":"open","template":"","meta":{"_uag_custom_page_level_css":"","site-sidebar-layout":"default","site-content-layout":"","ast-site-content-layout":"","site-content-style":"default","site-sidebar-style":"default","ast-global-header-display":"","ast-banner-title-visibility":"","ast-main-header-display":"","ast-hfb-above-header-display":"","ast-hfb-below-header-display":"","ast-hfb-mobile-header-display":"","site-post-title":"","ast-breadcrumbs-content":"","ast-featured-img":"","footer-sml-layout":"","theme-transparent-header-meta":"","adv-header-id-meta":"","stick-header-meta":"","header-above-stick-meta":"","header-main-stick-meta":"","header-below-stick-meta":"","astra-migrate-meta-layouts":"default","ast-page-background-enabled":"default","ast-page-background-meta":{"desktop":{"background-color":"var(--ast-global-color-4)","background-image":"","background-repeat":"repeat","background-position":"center center","background-size":"auto","background-attachment":"scroll","background-type":"","background-media":"","overlay-type":"","overlay-color":"","overlay-gradient":""},"tablet":{"background-color":"","background-image":"","background-repeat":"repeat","background-position":"center center","background-size":"auto","background-attachment":"scroll","background-type":"","background-media":"","overlay-type":"","overlay-color":"","overlay-gradient":""},"mobile":{"background-color":"","background-image":"","background-repeat":"repeat","background-position":"center center","background-size":"auto","background-attachment":"scroll","background-type":"","background-media":"","overlay-type":"","overlay-color":"","overlay-gradient":""}},"ast-content-background-meta":{"desktop":{"background-color":"var(--ast-global-color-5)","background-image":"","background-repeat":"repeat","background-position":"center center","background-size":"auto","background-attachment":"scroll","background-type":"","background-media":"","overlay-type":"","overlay-color":"","overlay-gradient":""},"tablet":{"background-color":"var(--ast-global-color-5)","background-image":"","background-repeat":"repeat","background-position":"center center","background-size":"auto","background-attachment":"scroll","background-type":"","background-media":"","overlay-type":"","overlay-color":"","overlay-gradient":""},"mobile":{"background-color":"var(--ast-global-color-5)","background-image":"","background-repeat":"repeat","background-position":"center center","background-size":"auto","background-attachment":"scroll","background-type":"","background-media":"","overlay-type":"","overlay-color":"","overlay-gradient":""}},"footnotes":""},"yoast_head":"<!-- This site is optimized with the Yoast SEO plugin v22.1 - https:\/\/yoast.com\/wordpress\/plugins\/seo\/ -->\n<title>mentions l\u00e9gales et cr\u00e9dits - Fer et Mati\u00e8res<\/title>\n<meta name=\"robots\" content=\"index, follow, max-snippet:-1, max-image-preview:large, max-video-preview:-1\" \/>\n<link rel=\"canonical\" href=\"https:\/\/feretmatieres.fr\/fer-forge\/fr\/mentions-legales-et-credits\/\" \/>\n<meta property=\"og:locale\" content=\"fr_FR\" \/>\n<meta property=\"og:type\" content=\"article\" \/>\n<meta property=\"og:title\" content=\"mentions l\u00e9gales et cr\u00e9dits - Fer et Mati\u00e8res\" \/>\n<meta property=\"og:description\" content=\"Responsable de publication Eric Litschky siret 530 618 115 000 14 H\u00e9bergement du site OVH Generator WordPress D\u00e9veloppement et maintenance cybernetique.info\" \/>\n<meta property=\"og:url\" content=\"https:\/\/feretmatieres.fr\/fer-forge\/fr\/mentions-legales-et-credits\/\" \/>\n<meta property=\"og:site_name\" content=\"Fer et Mati\u00e8res\" \/>\n<meta property=\"article:publisher\" content=\"https:\/\/www.facebook.com\/profile.php?id=100005386338601&amp;amp%3bfref=pb&amp;amp%3bhc_location=friends_tab\" \/>\n<meta property=\"article:modified_time\" content=\"2014-03-06T14:36:00+00:00\" \/>\n<script type=\"application\/ld+json\" class=\"yoast-schema-graph\">{\"@context\":\"https:\/\/schema.org\",\"@graph\":[{\"@type\":\"WebPage\",\"@id\":\"https:\/\/feretmatieres.fr\/fer-forge\/fr\/mentions-legales-et-credits\/\",\"url\":\"https:\/\/feretmatieres.fr\/fer-forge\/fr\/mentions-legales-et-credits\/\",\"name\":\"mentions l\u00e9gales et cr\u00e9dits - Fer et Mati\u00e8res\",\"isPartOf\":{\"@id\":\"https:\/\/feretmatieres.fr\/fer-forge\/#website\"},\"datePublished\":\"2014-03-06T14:33:24+00:00\",\"dateModified\":\"2014-03-06T14:36:00+00:00\",\"breadcrumb\":{\"@id\":\"https:\/\/feretmatieres.fr\/fer-forge\/fr\/mentions-legales-et-credits\/#breadcrumb\"},\"inLanguage\":\"fr-FR\",\"potentialAction\":[{\"@type\":\"ReadAction\",\"target\":[\"https:\/\/feretmatieres.fr\/fer-forge\/fr\/mentions-legales-et-credits\/\"]}]},{\"@type\":\"BreadcrumbList\",\"@id\":\"https:\/\/feretmatieres.fr\/fer-forge\/fr\/mentions-legales-et-credits\/#breadcrumb\",\"itemListElement\":[{\"@type\":\"ListItem\",\"position\":1,\"name\":\"Accueil\",\"item\":\"https:\/\/feretmatieres.fr\/fer-forge\/fr\/accueil\/\"},{\"@type\":\"ListItem\",\"position\":2,\"name\":\"mentions l\u00e9gales et cr\u00e9dits\"}]},{\"@type\":\"WebSite\",\"@id\":\"https:\/\/feretmatieres.fr\/fer-forge\/#website\",\"url\":\"https:\/\/feretmatieres.fr\/fer-forge\/\",\"name\":\"Fer et Mati\u00e8res\",\"description\":\"Ferronnerie d&#039;art, sculptures - Cr\u00e9ations originales - Eric Litschky\",\"potentialAction\":[{\"@type\":\"SearchAction\",\"target\":{\"@type\":\"EntryPoint\",\"urlTemplate\":\"https:\/\/feretmatieres.fr\/fer-forge\/?s={search_term_string}\"},\"query-input\":\"required name=search_term_string\"}],\"inLanguage\":\"fr-FR\"}]}<\/script>\n<!-- \/ Yoast SEO plugin. -->","yoast_head_json":{"title":"mentions l\u00e9gales et cr\u00e9dits - Fer et Mati\u00e8res","robots":{"index":"index","follow":"follow","max-snippet":"max-snippet:-1","max-image-preview":"max-image-preview:large","max-video-preview":"max-video-preview:-1"},"canonical":"https:\/\/feretmatieres.fr\/fer-forge\/fr\/mentions-legales-et-credits\/","og_locale":"fr_FR","og_type":"article","og_title":"mentions l\u00e9gales et cr\u00e9dits - Fer et Mati\u00e8res","og_description":"Responsable de publication Eric Litschky siret 530 618 115 000 14 H\u00e9bergement du site OVH Generator WordPress D\u00e9veloppement et maintenance cybernetique.info","og_url":"https:\/\/feretmatieres.fr\/fer-forge\/fr\/mentions-legales-et-credits\/","og_site_name":"Fer et Mati\u00e8res","article_publisher":"https:\/\/www.facebook.com\/profile.php?id=100005386338601&amp%3bfref=pb&amp%3bhc_location=friends_tab","article_modified_time":"2014-03-06T14:36:00+00:00","schema":{"@context":"https:\/\/schema.org","@graph":[{"@type":"WebPage","@id":"https:\/\/feretmatieres.fr\/fer-forge\/fr\/mentions-legales-et-credits\/","url":"https:\/\/feretmatieres.fr\/fer-forge\/fr\/mentions-legales-et-credits\/","name":"mentions l\u00e9gales et cr\u00e9dits - Fer et Mati\u00e8res","isPartOf":{"@id":"https:\/\/feretmatieres.fr\/fer-forge\/#website"},"datePublished":"2014-03-06T14:33:24+00:00","dateModified":"2014-03-06T14:36:00+00:00","breadcrumb":{"@id":"https:\/\/feretmatieres.fr\/fer-forge\/fr\/mentions-legales-et-credits\/#breadcrumb"},"inLanguage":"fr-FR","potentialAction":[{"@type":"ReadAction","target":["https:\/\/feretmatieres.fr\/fer-forge\/fr\/mentions-legales-et-credits\/"]}]},{"@type":"BreadcrumbList","@id":"https:\/\/feretmatieres.fr\/fer-forge\/fr\/mentions-legales-et-credits\/#breadcrumb","itemListElement":[{"@type":"ListItem","position":1,"name":"Accueil","item":"https:\/\/feretmatieres.fr\/fer-forge\/fr\/accueil\/"},{"@type":"ListItem","position":2,"name":"mentions l\u00e9gales et cr\u00e9dits"}]},{"@type":"WebSite","@id":"https:\/\/feretmatieres.fr\/fer-forge\/#website","url":"https:\/\/feretmatieres.fr\/fer-forge\/","name":"Fer et Mati\u00e8res","description":"Ferronnerie d&#039;art, sculptures - Cr\u00e9ations originales - Eric Litschky","potentialAction":[{"@type":"SearchAction","target":{"@type":"EntryPoint","urlTemplate":"https:\/\/feretmatieres.fr\/fer-forge\/?s={search_term_string}"},"query-input":"required name=search_term_string"}],"inLanguage":"fr-FR"}]}},"uagb_featured_image_src":{"full":false,"thumbnail":false,"medium":false,"medium_large":false,"large":false,"1536x1536":false,"2048x2048":false},"uagb_author_info":{"display_name":"cyber","author_link":"https:\/\/feretmatieres.fr\/fer-forge\/author\/cyber\/"},"uagb_comment_info":0,"uagb_excerpt":"Responsable de publication Eric Litschky siret 530 618 115 000 14 H\u00e9bergement du site OVH Generator WordPress D\u00e9veloppement et maintenance cybernetique.info","_links":{"self":[{"href":"https:\/\/feretmatieres.fr\/fer-forge\/wp-json\/wp\/v2\/pages\/67"}],"collection":[{"href":"https:\/\/feretmatieres.fr\/fer-forge\/wp-json\/wp\/v2\/pages"}],"about":[{"href":"https:\/\/feretmatieres.fr\/fer-forge\/wp-json\/wp\/v2\/types\/page"}],"author":[{"embeddable":true,"href":"https:\/\/feretmatieres.fr\/fer-forge\/wp-json\/wp\/v2\/users\/1"}],"replies":[{"embeddable":true,"href":"https:\/\/feretmatieres.fr\/fer-forge\/wp-json\/wp\/v2\/comments?post=67"}],"version-history":[{"count":2,"href":"https:\/\/feretmatieres.fr\/fer-forge\/wp-json\/wp\/v2\/pages\/67\/revisions"}],"predecessor-version":[{"id":69,"href":"https:\/\/feretmatieres.fr\/fer-forge\/wp-json\/wp\/v2\/pages\/67\/revisions\/69"}],"wp:attachment":[{"href":"https:\/\/feretmatieres.fr\/fer-forge\/wp-json\/wp\/v2\/media?parent=67"}],"curies":[{"name":"wp","href":"https:\/\/api.w.org\/{rel}","templated":true}]}}